{"id":1129,"date":"2022-09-26T14:24:48","date_gmt":"2022-09-26T13:24:48","guid":{"rendered":"http:\/\/cafferegine.it\/?post_type=product&#038;p=1129"},"modified":"2026-04-21T14:59:03","modified_gmt":"2026-04-21T13:59:03","slug":"unico-top-secret","status":"publish","type":"product","link":"https:\/\/cafferegine.it\/?product=unico-top-secret","title":{"rendered":"Regin\u00e9 &#8211; 100 capsule UNICO TOP SECRET"},"content":{"rendered":"<p><span class=\"TextRun SCXW92329656 BCX0\" lang=\"IT-IT\" xml:lang=\"IT-IT\" data-contrast=\"auto\"><span class=\"NormalTextRun SCXW92329656 BCX0\">Una miscela il cui nome ti mette curiosit\u00e0. Il Top Secret \u00e8 un caff\u00e8 che nasconde tanti lati positivi, come la sua cremosit\u00e0 da 10 e lode. Il suo gusto rotondo fa s\u00ec che questa miscela si sveli al tuo palato scoprendo questo segreto in un caff\u00e8 unico.<\/span><\/span><\/p>\n","protected":false},"excerpt":{"rendered":"<p>Una miscela il cui nome ti mette curiosit\u00e0. Il Top Secret \u00e8 [&hellip;]<\/p>\n","protected":false},"featured_media":1136,"comment_status":"open","ping_status":"closed","template":"","meta":{"_coblocks_attr":"","_coblocks_dimensions":"","_coblocks_responsive_height":"","_coblocks_accordion_ie_support":""},"product_brand":[],"product_cat":[40],"product_tag":[],"class_list":{"0":"post-1129","1":"product","2":"type-product","3":"status-publish","4":"has-post-thumbnail","6":"product_cat-macchina-da-caffe-in-capsule","8":"first","9":"instock","10":"taxable","11":"shipping-taxable","12":"purchasable","13":"product-type-simple"},"_links":{"self":[{"href":"https:\/\/cafferegine.it\/index.php?rest_route=\/wp\/v2\/product\/1129","targetHints":{"allow":["GET"]}}],"collection":[{"href":"https:\/\/cafferegine.it\/index.php?rest_route=\/wp\/v2\/product"}],"about":[{"href":"https:\/\/cafferegine.it\/index.php?rest_route=\/wp\/v2\/types\/product"}],"replies":[{"embeddable":true,"href":"https:\/\/cafferegine.it\/index.php?rest_route=%2Fwp%2Fv2%2Fcomments&post=1129"}],"wp:featuredmedia":[{"embeddable":true,"href":"https:\/\/cafferegine.it\/index.php?rest_route=\/wp\/v2\/media\/1136"}],"wp:attachment":[{"href":"https:\/\/cafferegine.it\/index.php?rest_route=%2Fwp%2Fv2%2Fmedia&parent=1129"}],"wp:term":[{"taxonomy":"product_brand","embeddable":true,"href":"https:\/\/cafferegine.it\/index.php?rest_route=%2Fwp%2Fv2%2Fproduct_brand&post=1129"},{"taxonomy":"product_cat","embeddable":true,"href":"https:\/\/cafferegine.it\/index.php?rest_route=%2Fwp%2Fv2%2Fproduct_cat&post=1129"},{"taxonomy":"product_tag","embeddable":true,"href":"https:\/\/cafferegine.it\/index.php?rest_route=%2Fwp%2Fv2%2Fproduct_tag&post=1129"}],"curies":[{"name":"wp","href":"https:\/\/api.w.org\/{rel}","templated":true}]}}