{"id":702,"date":"2022-09-26T14:24:48","date_gmt":"2022-09-26T13:24:48","guid":{"rendered":"http:\/\/cafferegine.it\/?post_type=product&#038;p=702"},"modified":"2025-09-13T15:53:01","modified_gmt":"2025-09-13T14:53:01","slug":"nespresso-oro-nero","status":"publish","type":"product","link":"https:\/\/cafferegine.it\/?product=nespresso-oro-nero","title":{"rendered":"Regin\u00e9 &#8211; 100 capsule NESPRESSO ORO NERO"},"content":{"rendered":"<p>Una miscela che richiama la storia, oro nero \u00e8 un caff\u00e8 con un gusto nocciolato che si distingue da tanti altri caff\u00e8. 60&amp; robusto, 40% arabica. Tutta brasile.<\/p>\n","protected":false},"excerpt":{"rendered":"<p>Una miscela che richiama la storia, oro nero \u00e8 un caff\u00e8 con [&hellip;]<\/p>\n","protected":false},"featured_media":996,"comment_status":"open","ping_status":"closed","template":"","meta":{"_coblocks_attr":"","_coblocks_dimensions":"","_coblocks_responsive_height":"","_coblocks_accordion_ie_support":""},"product_brand":[],"product_cat":[16],"product_tag":[],"class_list":{"0":"post-702","1":"product","2":"type-product","3":"status-publish","4":"has-post-thumbnail","6":"product_cat-nespresso","8":"first","9":"instock","10":"taxable","11":"shipping-taxable","12":"purchasable","13":"product-type-simple"},"_links":{"self":[{"href":"https:\/\/cafferegine.it\/index.php?rest_route=\/wp\/v2\/product\/702","targetHints":{"allow":["GET"]}}],"collection":[{"href":"https:\/\/cafferegine.it\/index.php?rest_route=\/wp\/v2\/product"}],"about":[{"href":"https:\/\/cafferegine.it\/index.php?rest_route=\/wp\/v2\/types\/product"}],"replies":[{"embeddable":true,"href":"https:\/\/cafferegine.it\/index.php?rest_route=%2Fwp%2Fv2%2Fcomments&post=702"}],"wp:featuredmedia":[{"embeddable":true,"href":"https:\/\/cafferegine.it\/index.php?rest_route=\/wp\/v2\/media\/996"}],"wp:attachment":[{"href":"https:\/\/cafferegine.it\/index.php?rest_route=%2Fwp%2Fv2%2Fmedia&parent=702"}],"wp:term":[{"taxonomy":"product_brand","embeddable":true,"href":"https:\/\/cafferegine.it\/index.php?rest_route=%2Fwp%2Fv2%2Fproduct_brand&post=702"},{"taxonomy":"product_cat","embeddable":true,"href":"https:\/\/cafferegine.it\/index.php?rest_route=%2Fwp%2Fv2%2Fproduct_cat&post=702"},{"taxonomy":"product_tag","embeddable":true,"href":"https:\/\/cafferegine.it\/index.php?rest_route=%2Fwp%2Fv2%2Fproduct_tag&post=702"}],"curies":[{"name":"wp","href":"https:\/\/api.w.org\/{rel}","templated":true}]}}