{"id":730,"date":"2022-09-26T14:24:48","date_gmt":"2022-09-26T13:24:48","guid":{"rendered":"http:\/\/cafferegine.it\/?post_type=product&#038;p=730"},"modified":"2024-03-14T11:47:59","modified_gmt":"2024-03-14T10:47:59","slug":"nespresso-oro-nobile","status":"publish","type":"product","link":"https:\/\/cafferegine.it\/?product=nespresso-oro-nobile","title":{"rendered":"Regin\u00e9 &#8211; 100 capsule NESPRESSO ORO NOBILE"},"content":{"rendered":"<p>Questo caff\u00e8 \u00e8 per veri esperti. Oro Nobile racchiude i migliori chicchi di caff\u00e8 arabica, una miscela con gusto unico e allo stesso tempo dolce che trova la sua sinfonia nella degustazione.<\/p>\n","protected":false},"excerpt":{"rendered":"<p>Questo caff\u00e8 \u00e8 per veri esperti. Oro Nobile racchiude i migliori chicchi [&hellip;]<\/p>\n","protected":false},"featured_media":1003,"comment_status":"open","ping_status":"closed","template":"","meta":{"_coblocks_attr":"","_coblocks_dimensions":"","_coblocks_responsive_height":"","_coblocks_accordion_ie_support":""},"product_brand":[],"product_cat":[16],"product_tag":[],"class_list":{"0":"post-730","1":"product","2":"type-product","3":"status-publish","4":"has-post-thumbnail","6":"product_cat-nespresso","8":"first","9":"instock","10":"taxable","11":"shipping-taxable","12":"purchasable","13":"product-type-simple"},"_links":{"self":[{"href":"https:\/\/cafferegine.it\/index.php?rest_route=\/wp\/v2\/product\/730","targetHints":{"allow":["GET"]}}],"collection":[{"href":"https:\/\/cafferegine.it\/index.php?rest_route=\/wp\/v2\/product"}],"about":[{"href":"https:\/\/cafferegine.it\/index.php?rest_route=\/wp\/v2\/types\/product"}],"replies":[{"embeddable":true,"href":"https:\/\/cafferegine.it\/index.php?rest_route=%2Fwp%2Fv2%2Fcomments&post=730"}],"wp:featuredmedia":[{"embeddable":true,"href":"https:\/\/cafferegine.it\/index.php?rest_route=\/wp\/v2\/media\/1003"}],"wp:attachment":[{"href":"https:\/\/cafferegine.it\/index.php?rest_route=%2Fwp%2Fv2%2Fmedia&parent=730"}],"wp:term":[{"taxonomy":"product_brand","embeddable":true,"href":"https:\/\/cafferegine.it\/index.php?rest_route=%2Fwp%2Fv2%2Fproduct_brand&post=730"},{"taxonomy":"product_cat","embeddable":true,"href":"https:\/\/cafferegine.it\/index.php?rest_route=%2Fwp%2Fv2%2Fproduct_cat&post=730"},{"taxonomy":"product_tag","embeddable":true,"href":"https:\/\/cafferegine.it\/index.php?rest_route=%2Fwp%2Fv2%2Fproduct_tag&post=730"}],"curies":[{"name":"wp","href":"https:\/\/api.w.org\/{rel}","templated":true}]}}