{"id":898,"date":"2022-09-26T14:24:48","date_gmt":"2022-09-26T13:24:48","guid":{"rendered":"http:\/\/cafferegine.it\/?post_type=product&#038;p=898"},"modified":"2024-03-14T11:45:13","modified_gmt":"2024-03-14T10:45:13","slug":"fiore-lui-crema-bar","status":"publish","type":"product","link":"https:\/\/cafferegine.it\/?product=fiore-lui-crema-bar","title":{"rendered":"Regin\u00e9 &#8211; 100 capsule FIOR FIORE\/LUI CREMA BAR"},"content":{"rendered":"<p>Una miscela nata per chi desidera un caff\u00e8 con una intensit\u00e0 e cremosit\u00e0 unica, dove ti lascia un ricordo di un caff\u00e8 con le caratteristiche uniche nel suo genere.<\/p>\n","protected":false},"excerpt":{"rendered":"<p>Una miscela nata per chi desidera un caff\u00e8 con una intensit\u00e0 e [&hellip;]<\/p>\n","protected":false},"featured_media":1593,"comment_status":"open","ping_status":"closed","template":"","meta":{"_coblocks_attr":"","_coblocks_dimensions":"","_coblocks_responsive_height":"","_coblocks_accordion_ie_support":""},"product_brand":[],"product_cat":[26],"product_tag":[],"class_list":{"0":"post-898","1":"product","2":"type-product","3":"status-publish","4":"has-post-thumbnail","6":"product_cat-fiore-lui","8":"first","9":"instock","10":"taxable","11":"shipping-taxable","12":"purchasable","13":"product-type-simple"},"_links":{"self":[{"href":"https:\/\/cafferegine.it\/index.php?rest_route=\/wp\/v2\/product\/898","targetHints":{"allow":["GET"]}}],"collection":[{"href":"https:\/\/cafferegine.it\/index.php?rest_route=\/wp\/v2\/product"}],"about":[{"href":"https:\/\/cafferegine.it\/index.php?rest_route=\/wp\/v2\/types\/product"}],"replies":[{"embeddable":true,"href":"https:\/\/cafferegine.it\/index.php?rest_route=%2Fwp%2Fv2%2Fcomments&post=898"}],"wp:featuredmedia":[{"embeddable":true,"href":"https:\/\/cafferegine.it\/index.php?rest_route=\/wp\/v2\/media\/1593"}],"wp:attachment":[{"href":"https:\/\/cafferegine.it\/index.php?rest_route=%2Fwp%2Fv2%2Fmedia&parent=898"}],"wp:term":[{"taxonomy":"product_brand","embeddable":true,"href":"https:\/\/cafferegine.it\/index.php?rest_route=%2Fwp%2Fv2%2Fproduct_brand&post=898"},{"taxonomy":"product_cat","embeddable":true,"href":"https:\/\/cafferegine.it\/index.php?rest_route=%2Fwp%2Fv2%2Fproduct_cat&post=898"},{"taxonomy":"product_tag","embeddable":true,"href":"https:\/\/cafferegine.it\/index.php?rest_route=%2Fwp%2Fv2%2Fproduct_tag&post=898"}],"curies":[{"name":"wp","href":"https:\/\/api.w.org\/{rel}","templated":true}]}}