{"id":910,"date":"2022-09-26T14:24:48","date_gmt":"2022-09-26T13:24:48","guid":{"rendered":"http:\/\/cafferegine.it\/?post_type=product&#038;p=910"},"modified":"2024-03-14T11:41:32","modified_gmt":"2024-03-14T10:41:32","slug":"filtro-carta-top-special","status":"publish","type":"product","link":"https:\/\/cafferegine.it\/?product=filtro-carta-top-special","title":{"rendered":"Regin\u00e9 &#8211; 100 filtri carta TOP SPECIAL"},"content":{"rendered":"<p>Carta filtro compostabile dm 44 mm.<\/p>\n<p>L&#8217;espresso Top Special \u00e8 un espresso intenso, dal gusto nocciolato, che allo stesso tempo d\u00e0 un retrogusto notevole e persistente. Questo grazie alla ricerca dei migliori chicchi di caff\u00e8. Cos\u00ec nasce Top Special.<\/p>\n","protected":false},"excerpt":{"rendered":"<p>Carta filtro compostabile dm 44 mm. L&#8217;espresso Top Special \u00e8 un espresso [&hellip;]<\/p>\n","protected":false},"featured_media":1043,"comment_status":"open","ping_status":"closed","template":"","meta":{"_coblocks_attr":"","_coblocks_dimensions":"","_coblocks_responsive_height":"","_coblocks_accordion_ie_support":""},"product_brand":[],"product_cat":[24],"product_tag":[],"class_list":{"0":"post-910","1":"product","2":"type-product","3":"status-publish","4":"has-post-thumbnail","6":"product_cat-filtro-carta","8":"first","9":"instock","10":"taxable","11":"shipping-taxable","12":"purchasable","13":"product-type-simple"},"_links":{"self":[{"href":"https:\/\/cafferegine.it\/index.php?rest_route=\/wp\/v2\/product\/910","targetHints":{"allow":["GET"]}}],"collection":[{"href":"https:\/\/cafferegine.it\/index.php?rest_route=\/wp\/v2\/product"}],"about":[{"href":"https:\/\/cafferegine.it\/index.php?rest_route=\/wp\/v2\/types\/product"}],"replies":[{"embeddable":true,"href":"https:\/\/cafferegine.it\/index.php?rest_route=%2Fwp%2Fv2%2Fcomments&post=910"}],"wp:featuredmedia":[{"embeddable":true,"href":"https:\/\/cafferegine.it\/index.php?rest_route=\/wp\/v2\/media\/1043"}],"wp:attachment":[{"href":"https:\/\/cafferegine.it\/index.php?rest_route=%2Fwp%2Fv2%2Fmedia&parent=910"}],"wp:term":[{"taxonomy":"product_brand","embeddable":true,"href":"https:\/\/cafferegine.it\/index.php?rest_route=%2Fwp%2Fv2%2Fproduct_brand&post=910"},{"taxonomy":"product_cat","embeddable":true,"href":"https:\/\/cafferegine.it\/index.php?rest_route=%2Fwp%2Fv2%2Fproduct_cat&post=910"},{"taxonomy":"product_tag","embeddable":true,"href":"https:\/\/cafferegine.it\/index.php?rest_route=%2Fwp%2Fv2%2Fproduct_tag&post=910"}],"curies":[{"name":"wp","href":"https:\/\/api.w.org\/{rel}","templated":true}]}}